{"id":79,"date":"2018-03-09T14:50:01","date_gmt":"2018-03-09T14:50:01","guid":{"rendered":"https:\/\/nancylunghi.ch\/?page_id=79"},"modified":"2024-02-05T15:35:21","modified_gmt":"2024-02-05T15:35:21","slug":"really","status":"publish","type":"page","link":"https:\/\/nancylunghi.ch\/index.php\/really\/","title":{"rendered":"vivi in maniera reale"},"content":{"rendered":"\n<div style=\"height:40px\" aria-hidden=\"true\" class=\"wp-block-spacer\"><\/div>\n\n\n<h4>E ora che hai ricevuto un po&#8217; di informazioni su come cambiare il nostro mondo in un mondo migliore: <strong>AGISCI<\/strong> !<\/h4>\n<p>&nbsp;<\/p>\n<h5><strong>VIVI IN MANIERA SOCIALE.<\/strong> Ma non perdendo tempo con i socialmedia (Facebook, Twitter, &#8230;), dove perlopi\u00f9 si curiosa la vita degli altri e si mette la propria vita in mostra (spesso in modo fittizio). Buttati nella societ\u00e0 vera con corpo ed anima e partecipa attivamente alla vita politica del tuo paese: cerca per esempio il partito politico che pi\u00f9 ti rappresenta e aiutalo non solo finanziariamente ma con la tua voce e le tue idee; perch\u00e9 da soli si pu\u00f2 fare, ma in tanti e uniti si pu\u00f2 fare di pi\u00f9! Sii inoltre solidale, ricordandoti sempre che siamo tutti esseri umani e che sono le diversit\u00e0 a renderci speciali. Diritti e libert\u00e0 devono quindi essere uguali per tutt*!<\/h5>\n<h5><strong>VIVI IN MANIERA SALUTARE.<\/strong> Prenditi cura di te e degli altri! Tieniti in forma mangiando in modo sano, facendo dell&#8217;esercizio quotidiano e concedendoti momenti di relax e svago. Rispetta il tuo corpo: non danneggiarlo inutilmente con fumo, alcol o altre tossine. Nell&#8217;ambiente in cui viviamo siamo infatti gi\u00e0 esposti ad abbastanza rischi per la nostra salute.<\/h5>\n<h5><strong>VIVI IN MANIERA ECOLOGICA.<\/strong> Apprezza l&#8217;ambiente e impara a rispettarlo! Nella vita di ognuno pi\u00f9 che le cose materiali dovrebbero infatti contare le esperienze e i rapporti umani. Dai quindi valore a ogni cosa e evita lo spreco cercando di seguire il motto: <em>\u00abgiusto\/necessario, buono e duraturo\u00bb<\/em> (versione migliorata di: <em>\u00abpoco, ma buono\u00bb<\/em>). La semplicit\u00e0 purtroppo sembra non avere spazio in un mondo in cui apparire diventa sempre pi\u00f9 importante che essere&#8230; Ma forse \u00e8 proprio riscoprendo la bellezza di vivere in modo semplice che si potr\u00e0 salvaguardare il pianeta per le prossime generazioni.<\/h5>\n<h5><strong>VIVI IN MANIERA REALE !<\/strong><\/h5>\n<h4>&nbsp;<\/h4>\n<h4><em>\u00ab Non potrai mai sapere la conseguenza delle tue azioni, ma se non farai nulla non vi sar\u00e0 nessun risultato. \u00bb<\/em><\/h4>\n<p>\u2015 Mahatma Gandhi<\/p>","protected":false},"excerpt":{"rendered":"<p>E ora che hai ricevuto un po&#8217; di informazioni su come cambiare il nostro mondo in un mondo migliore: AGISCI ! &nbsp; VIVI IN MANIERA SOCIALE. Ma non perdendo tempo con i socialmedia (Facebook, Twitter, &#8230;), dove perlopi\u00f9 si curiosa la vita degli altri e si mette la propria vita in mostra (spesso in modo &#8230; <a title=\"vivi in maniera reale\" class=\"read-more\" href=\"https:\/\/nancylunghi.ch\/index.php\/really\/\">Read more<span class=\"screen-reader-text\">vivi in maniera reale<\/span><\/a><\/p>\n","protected":false},"author":1,"featured_media":0,"parent":0,"menu_order":0,"comment_status":"closed","ping_status":"closed","template":"","meta":{"ngg_post_thumbnail":0},"_links":{"self":[{"href":"https:\/\/nancylunghi.ch\/index.php\/wp-json\/wp\/v2\/pages\/79"}],"collection":[{"href":"https:\/\/nancylunghi.ch\/index.php\/wp-json\/wp\/v2\/pages"}],"about":[{"href":"https:\/\/nancylunghi.ch\/index.php\/wp-json\/wp\/v2\/types\/page"}],"author":[{"embeddable":true,"href":"https:\/\/nancylunghi.ch\/index.php\/wp-json\/wp\/v2\/users\/1"}],"replies":[{"embeddable":true,"href":"https:\/\/nancylunghi.ch\/index.php\/wp-json\/wp\/v2\/comments?post=79"}],"version-history":[{"count":29,"href":"https:\/\/nancylunghi.ch\/index.php\/wp-json\/wp\/v2\/pages\/79\/revisions"}],"predecessor-version":[{"id":1173,"href":"https:\/\/nancylunghi.ch\/index.php\/wp-json\/wp\/v2\/pages\/79\/revisions\/1173"}],"wp:attachment":[{"href":"https:\/\/nancylunghi.ch\/index.php\/wp-json\/wp\/v2\/media?parent=79"}],"curies":[{"name":"wp","href":"https:\/\/api.w.org\/{rel}","templated":true}]}}