{"id":1249,"date":"2024-02-17T17:33:55","date_gmt":"2024-02-17T17:33:55","guid":{"rendered":"https:\/\/nancylunghi.ch\/?page_id=1249"},"modified":"2024-03-30T19:50:46","modified_gmt":"2024-03-30T19:50:46","slug":"elezioni-comunali-2024","status":"publish","type":"page","link":"https:\/\/nancylunghi.ch\/index.php\/elezioni-comunali-2024\/","title":{"rendered":"ELEZIONI COMUNALI 2024"},"content":{"rendered":"\t\t<div data-elementor-type=\"wp-page\" data-elementor-id=\"1249\" class=\"elementor elementor-1249\" data-elementor-settings=\"[]\">\n\t\t\t\t\t\t\t<div class=\"elementor-section-wrap\">\n\t\t\t\t\t\t\t<section class=\"elementor-section elementor-top-section elementor-element elementor-element-bc50e7b elementor-section-boxed elementor-section-height-default elementor-section-height-default\" data-id=\"bc50e7b\" data-element_type=\"section\">\n\t\t\t\t\t\t<div class=\"elementor-container elementor-column-gap-default\">\n\t\t\t\t\t<div class=\"elementor-column elementor-col-100 elementor-top-column elementor-element elementor-element-945f5f3\" data-id=\"945f5f3\" data-element_type=\"column\">\n\t\t\t<div class=\"elementor-widget-wrap elementor-element-populated\">\n\t\t\t\t\t\t\t\t<div class=\"elementor-element elementor-element-c38d03d elementor-widget elementor-widget-image\" data-id=\"c38d03d\" data-element_type=\"widget\" data-widget_type=\"image.default\">\n\t\t\t\t<div class=\"elementor-widget-container\">\n\t\t\t\t\t\t\t\t\t\t\t\t\t\t\t<img width=\"2000\" height=\"1409\" src=\"https:\/\/nancylunghi.ch\/wp-content\/uploads\/2024\/02\/1.png\" class=\"attachment-full size-full\" alt=\"\" loading=\"lazy\" srcset=\"https:\/\/nancylunghi.ch\/wp-content\/uploads\/2024\/02\/1.png 2000w, https:\/\/nancylunghi.ch\/wp-content\/uploads\/2024\/02\/1-300x211.png 300w, https:\/\/nancylunghi.ch\/wp-content\/uploads\/2024\/02\/1-1024x721.png 1024w, https:\/\/nancylunghi.ch\/wp-content\/uploads\/2024\/02\/1-768x541.png 768w, https:\/\/nancylunghi.ch\/wp-content\/uploads\/2024\/02\/1-1536x1082.png 1536w, https:\/\/nancylunghi.ch\/wp-content\/uploads\/2024\/02\/1-600x423.png 600w\" sizes=\"(max-width: 2000px) 100vw, 2000px\" \/>\t\t\t\t\t\t\t\t\t\t\t\t\t\t\t<\/div>\n\t\t\t\t<\/div>\n\t\t\t\t\t<\/div>\n\t\t<\/div>\n\t\t\t\t\t\t\t<\/div>\n\t\t<\/section>\n\t\t\t\t<section class=\"elementor-section elementor-top-section elementor-element elementor-element-2fb1d1f elementor-section-boxed elementor-section-height-default elementor-section-height-default\" data-id=\"2fb1d1f\" data-element_type=\"section\">\n\t\t\t\t\t\t<div class=\"elementor-container elementor-column-gap-default\">\n\t\t\t\t\t<div class=\"elementor-column elementor-col-100 elementor-top-column elementor-element elementor-element-5978353\" data-id=\"5978353\" data-element_type=\"column\">\n\t\t\t<div class=\"elementor-widget-wrap elementor-element-populated\">\n\t\t\t\t\t\t\t\t<div class=\"elementor-element elementor-element-e9756e9 elementor-widget elementor-widget-text-editor\" data-id=\"e9756e9\" data-element_type=\"widget\" data-widget_type=\"text-editor.default\">\n\t\t\t\t<div class=\"elementor-widget-container\">\n\t\t\t\t\t\t\t<h2><strong>Dal 2021 sono Municipale a Locarno per la SINISTRA UNITA.<\/strong><\/h2>\t\t\t\t\t\t<\/div>\n\t\t\t\t<\/div>\n\t\t\t\t<section class=\"elementor-section elementor-inner-section elementor-element elementor-element-5cc72e5 elementor-section-boxed elementor-section-height-default elementor-section-height-default\" data-id=\"5cc72e5\" data-element_type=\"section\">\n\t\t\t\t\t\t<div class=\"elementor-container elementor-column-gap-default\">\n\t\t\t\t\t<div class=\"elementor-column elementor-col-50 elementor-inner-column elementor-element elementor-element-9d2bdb3\" data-id=\"9d2bdb3\" data-element_type=\"column\">\n\t\t\t<div class=\"elementor-widget-wrap elementor-element-populated\">\n\t\t\t\t\t\t\t\t<div class=\"elementor-element elementor-element-ae77b54 elementor-widget elementor-widget-text-editor\" data-id=\"ae77b54\" data-element_type=\"widget\" data-widget_type=\"text-editor.default\">\n\t\t\t\t<div class=\"elementor-widget-container\">\n\t\t\t\t\t\t\t<p>In qualit\u00e0 di responsabile del <b>Dicastero Socialit\u00e0, Giovani e Cultura<\/b> in questi tre anni ho visto nascere tante belle collaborazioni e progetti.<\/p><p>Nell\u2019ambito della <strong>socialit\u00e0<\/strong> abbiamo per esempio ripreso con successo la \u201cFesta dei Popoli\u201d, rendendola un prezioso momento di scambio e conoscenza; ci siamo dotati di un operatore per l\u2019inserimento di persone in assistenza; abbiamo promosso arricchenti incontri con gli enti che operano negli ambiti della socialit\u00e0 e dell\u2019integrazione; siamo stati pionieri ad aderire al progetto di accompagnamento famigliare \u201cUna famiglia per una famiglia\u201d e con il progetto \u201cLocarnoCare\u201d abbiamo dato il via a nuove iniziative per il supporto alla genitorialit\u00e0 e alle famiglie.<\/p><p>Guardando con coraggio e speranza al futuro, abbiamo rafforzato le <strong>politiche giovanili<\/strong> concretizzando diverse iniziative, tra cui il progetto regionale di Prossimit\u00e0, una ricerca tra pari nell\u2019ambito dell\u2019intervento precoce, una mappatura dei servizi per giovani e famiglie presenti nel territorio, il \u201cDinner Quizz\u201d per i neo-diciottenni e il rafforzamento della partecipazione dei giovani nei progetti pubblici, punto fondamentale anche della certificazione \u201cComune amico dei bambini\u201d.<\/p><p>Nel settore della<strong> cultura<\/strong>\u00a0abbiamo rafforzato le collaborazioni con la regione, dando per esempio vita a \u201cFesteggiamo\u201d, una rassegna di cinema itinerante all\u2019aperto in collaborazione con il Festival; abbiamo consolidato il concetto di mediazione culturale e stiamo elaborando una visione strategica per far s\u00ec che la cultura venga riconosciuta come vero e proprio motore economico e sociale per la Citt\u00e0 e la regione. Come unica Municipale donna sono anche orgogliosa di aver portato avanti il tema delle vie al femminile, che finalmente porter\u00e0 dei segni tangibili di parit\u00e0 di genere anche nel territorio. Le sfide per essere una Citt\u00e0 sociale, rispettosa dell\u2019ambiente e promotrice delle pari opportunit\u00e0 sono per\u00f2 ancora tante e avranno bisogno di persone solidali, motivate e che sappiano guardare con coraggio al futuro.<\/p>\t\t\t\t\t\t<\/div>\n\t\t\t\t<\/div>\n\t\t\t\t<div class=\"elementor-element elementor-element-58ffae9 elementor-widget elementor-widget-text-editor\" data-id=\"58ffae9\" data-element_type=\"widget\" data-widget_type=\"text-editor.default\">\n\t\t\t\t<div class=\"elementor-widget-container\">\n\t\t\t\t\t\t\t<p>Quest\u2019anno, con la stessa voglia di cambiamento, mi ricandido al Municipio di Locarno.&nbsp;<strong>Perch\u00e9 anche Locarno pu\u00f2 diventare una citt\u00e0 pi\u00f9 equa, solidale e sostenibile: con pi\u00f9 benessere, prospettive e qualit\u00e0 di vita per tutt*, invece che per poch*!<\/strong>&nbsp;Per raggiungere questo scopo sono per\u00f2 necessarie una politica equa, tutelante, innovativa ed efficace, un\u2019economia sociale e sostenibile e un\u2019uguaglianza vera. Obiettivi questi che cerco di fare miei anche nella vita di tutti giorni vivendo secondo il mio motto in modo&nbsp;<em>sociale<\/em>&nbsp;\u2013 aiutando la societ\u00e0 con corpo e anima \u2013, in modo&nbsp;<em>salutare<\/em>&nbsp;\u2013 prendendomi cura degli altri \u2013, in modo&nbsp;<em>ecologico<\/em>&nbsp;\u2013 apprezzando l\u2019ambiente e rispettandolo \u2013 e in modo&nbsp;<em>reale<\/em>&nbsp;\u2013 agendo attivamente per cambiare il nostro mondo in un mondo migliore.<\/p>\t\t\t\t\t\t<\/div>\n\t\t\t\t<\/div>\n\t\t\t\t\t<\/div>\n\t\t<\/div>\n\t\t\t\t<div class=\"elementor-column elementor-col-50 elementor-inner-column elementor-element elementor-element-9049f0a\" data-id=\"9049f0a\" data-element_type=\"column\">\n\t\t\t<div class=\"elementor-widget-wrap elementor-element-populated\">\n\t\t\t\t\t\t\t\t<div class=\"elementor-element elementor-element-4c1ee6c elementor-widget elementor-widget-image\" data-id=\"4c1ee6c\" data-element_type=\"widget\" data-widget_type=\"image.default\">\n\t\t\t\t<div class=\"elementor-widget-container\">\n\t\t\t\t\t\t\t\t\t\t\t\t\t\t\t\t<a href=\"https:\/\/www.pslocarno.ch\/elezioni-2024\/\" target=\"_blank\">\n\t\t\t\t\t\t\t<img width=\"576\" height=\"1024\" src=\"https:\/\/nancylunghi.ch\/wp-content\/uploads\/2024\/02\/14aprilevota-576x1024.png\" class=\"attachment-large size-large\" alt=\"\" loading=\"lazy\" srcset=\"https:\/\/nancylunghi.ch\/wp-content\/uploads\/2024\/02\/14aprilevota-576x1024.png 576w, https:\/\/nancylunghi.ch\/wp-content\/uploads\/2024\/02\/14aprilevota-169x300.png 169w, https:\/\/nancylunghi.ch\/wp-content\/uploads\/2024\/02\/14aprilevota-768x1365.png 768w, https:\/\/nancylunghi.ch\/wp-content\/uploads\/2024\/02\/14aprilevota-864x1536.png 864w, https:\/\/nancylunghi.ch\/wp-content\/uploads\/2024\/02\/14aprilevota-600x1067.png 600w, https:\/\/nancylunghi.ch\/wp-content\/uploads\/2024\/02\/14aprilevota.png 1080w\" sizes=\"(max-width: 576px) 100vw, 576px\" \/>\t\t\t\t\t\t\t\t<\/a>\n\t\t\t\t\t\t\t\t\t\t\t\t\t\t\t<\/div>\n\t\t\t\t<\/div>\n\t\t\t\t<div class=\"elementor-element elementor-element-8874345 elementor-align-center elementor-widget elementor-widget-button\" data-id=\"8874345\" data-element_type=\"widget\" data-widget_type=\"button.default\">\n\t\t\t\t<div class=\"elementor-widget-container\">\n\t\t\t\t\t<div class=\"elementor-button-wrapper\">\n\t\t\t<a href=\"https:\/\/nancylunghi.ch\/wp-content\/uploads\/2024\/02\/nancylunghi.ch_.png\" class=\"elementor-button-link elementor-button elementor-size-xl elementor-animation-grow\" role=\"button\">\n\t\t\t\t\t\t<span class=\"elementor-button-content-wrapper\">\n\t\t\t\t\t\t<span class=\"elementor-button-icon elementor-align-icon-left\">\n\t\t\t\t<i aria-hidden=\"true\" class=\"fas fa-arrow-right\"><\/i>\t\t\t<\/span>\n\t\t\t\t\t\t<span class=\"elementor-button-text\">scarica e condividi !<\/span>\n\t\t<\/span>\n\t\t\t\t\t<\/a>\n\t\t<\/div>\n\t\t\t\t<\/div>\n\t\t\t\t<\/div>\n\t\t\t\t<div class=\"elementor-element elementor-element-6667239 elementor-widget elementor-widget-spacer\" data-id=\"6667239\" data-element_type=\"widget\" data-widget_type=\"spacer.default\">\n\t\t\t\t<div class=\"elementor-widget-container\">\n\t\t\t\t\t<div class=\"elementor-spacer\">\n\t\t\t<div class=\"elementor-spacer-inner\"><\/div>\n\t\t<\/div>\n\t\t\t\t<\/div>\n\t\t\t\t<\/div>\n\t\t\t\t<div class=\"elementor-element elementor-element-aa5bb23 elementor-widget elementor-widget-text-editor\" data-id=\"aa5bb23\" data-element_type=\"widget\" data-widget_type=\"text-editor.default\">\n\t\t\t\t<div class=\"elementor-widget-container\">\n\t\t\t\t\t\t\t<h2>Dove mi trovi ?<\/h2><h6><a href=\"https:\/\/www.pslocarno.ch\/events\/event\/vivere-per-lavorare\/\" target=\"_blank\" rel=\"noopener\"><strong>25.02 | VIVERE PER LAVORARE?<\/strong><\/a><\/h6><h6><a href=\"https:\/\/www.pslocarno.ch\/events\/event\/la-societa-fabbrica\/\" target=\"_blank\" rel=\"noopener\"><strong>04.03 | LA SOCIET\u00c0-FABBRICA<\/strong><\/a><\/h6><h6><a href=\"https:\/\/www.pslocarno.ch\/events\/event\/la-cultura-e-anche-donna\/\" target=\"_blank\" rel=\"noopener\"><strong>16.03 | LA CULTURA \u00c8 (ANCHE) DONNA<\/strong><\/a><\/h6><h6><strong><a href=\"https:\/\/www.pslocarno.ch\/events\/event\/passeggiata-urbana\/\" target=\"_blank\" rel=\"noopener\">23.03 | PASSEGGIATA URBANA<\/a><\/strong><\/h6><h6><a href=\"https:\/\/www.pslocarno.ch\/events\/event\/rotonda-in-movimento\/\" target=\"_blank\" rel=\"noopener\"><strong>05.04 | CI-VIVO @ROTONDA<\/strong><\/a><\/h6><h6><a href=\"https:\/\/www.pslocarno.ch\/events\/event\/aperouge-11\/\" target=\"_blank\" rel=\"noopener\"><strong>11.04 | AP\u00c9RO ELETTORALE<\/strong><\/a><\/h6>\t\t\t\t\t\t<\/div>\n\t\t\t\t<\/div>\n\t\t\t\t<div class=\"elementor-element elementor-element-0f7b392 elementor-widget elementor-widget-image\" data-id=\"0f7b392\" data-element_type=\"widget\" data-widget_type=\"image.default\">\n\t\t\t\t<div class=\"elementor-widget-container\">\n\t\t\t\t\t\t\t\t\t\t\t\t\t\t\t<img width=\"1024\" height=\"594\" src=\"https:\/\/nancylunghi.ch\/wp-content\/uploads\/2024\/02\/cambiamento-1024x594.png\" class=\"attachment-large size-large\" alt=\"\" loading=\"lazy\" srcset=\"https:\/\/nancylunghi.ch\/wp-content\/uploads\/2024\/02\/cambiamento-1024x594.png 1024w, https:\/\/nancylunghi.ch\/wp-content\/uploads\/2024\/02\/cambiamento-300x174.png 300w, https:\/\/nancylunghi.ch\/wp-content\/uploads\/2024\/02\/cambiamento-768x446.png 768w, https:\/\/nancylunghi.ch\/wp-content\/uploads\/2024\/02\/cambiamento-600x348.png 600w, https:\/\/nancylunghi.ch\/wp-content\/uploads\/2024\/02\/cambiamento.png 1080w\" sizes=\"(max-width: 1024px) 100vw, 1024px\" \/>\t\t\t\t\t\t\t\t\t\t\t\t\t\t\t<\/div>\n\t\t\t\t<\/div>\n\t\t\t\t<div class=\"elementor-element elementor-element-95d26dc elementor-widget elementor-widget-spacer\" data-id=\"95d26dc\" data-element_type=\"widget\" data-widget_type=\"spacer.default\">\n\t\t\t\t<div class=\"elementor-widget-container\">\n\t\t\t\t\t<div class=\"elementor-spacer\">\n\t\t\t<div class=\"elementor-spacer-inner\"><\/div>\n\t\t<\/div>\n\t\t\t\t<\/div>\n\t\t\t\t<\/div>\n\t\t\t\t<div class=\"elementor-element elementor-element-4705c14 elementor-shape-circle elementor-grid-0 e-grid-align-center elementor-widget elementor-widget-social-icons\" data-id=\"4705c14\" data-element_type=\"widget\" data-widget_type=\"social-icons.default\">\n\t\t\t\t<div class=\"elementor-widget-container\">\n\t\t\t\t\t<div class=\"elementor-social-icons-wrapper elementor-grid\">\n\t\t\t\t\t\t\t<span class=\"elementor-grid-item\">\n\t\t\t\t\t<a class=\"elementor-icon elementor-social-icon elementor-social-icon-facebook-square elementor-animation-grow elementor-repeater-item-f2ab263\" href=\"https:\/\/www.facebook.com\/nancy.lunghi.17\" target=\"_blank\">\n\t\t\t\t\t\t<span class=\"elementor-screen-only\">Facebook-square<\/span>\n\t\t\t\t\t\t<i class=\"fab fa-facebook-square\"><\/i>\t\t\t\t\t<\/a>\n\t\t\t\t<\/span>\n\t\t\t\t\t\t\t<span class=\"elementor-grid-item\">\n\t\t\t\t\t<a class=\"elementor-icon elementor-social-icon elementor-social-icon-instagram elementor-animation-grow elementor-repeater-item-36ad08e\" href=\"https:\/\/www.instagram.com\/nancylunghi\/\" target=\"_blank\">\n\t\t\t\t\t\t<span class=\"elementor-screen-only\">Instagram<\/span>\n\t\t\t\t\t\t<i class=\"fab fa-instagram\"><\/i>\t\t\t\t\t<\/a>\n\t\t\t\t<\/span>\n\t\t\t\t\t\t\t<span class=\"elementor-grid-item\">\n\t\t\t\t\t<a class=\"elementor-icon elementor-social-icon elementor-social-icon-linkedin elementor-animation-grow elementor-repeater-item-7dc58f6\" href=\"https:\/\/www.linkedin.com\/in\/nancy-lunghi\/\" target=\"_blank\">\n\t\t\t\t\t\t<span class=\"elementor-screen-only\">Linkedin<\/span>\n\t\t\t\t\t\t<i class=\"fab fa-linkedin\"><\/i>\t\t\t\t\t<\/a>\n\t\t\t\t<\/span>\n\t\t\t\t\t\t\t<span class=\"elementor-grid-item\">\n\t\t\t\t\t<a class=\"elementor-icon elementor-social-icon elementor-social-icon-envelope elementor-animation-grow elementor-repeater-item-44cf8a2\" href=\"mailto:nancy_na@live.com\" target=\"_blank\">\n\t\t\t\t\t\t<span class=\"elementor-screen-only\">Envelope<\/span>\n\t\t\t\t\t\t<i class=\"far fa-envelope\"><\/i>\t\t\t\t\t<\/a>\n\t\t\t\t<\/span>\n\t\t\t\t\t<\/div>\n\t\t\t\t<\/div>\n\t\t\t\t<\/div>\n\t\t\t\t<div class=\"elementor-element elementor-element-938f948 elementor-widget elementor-widget-image\" data-id=\"938f948\" data-element_type=\"widget\" data-widget_type=\"image.default\">\n\t\t\t\t<div class=\"elementor-widget-container\">\n\t\t\t\t\t\t\t\t\t\t\t\t\t\t\t<img width=\"608\" height=\"171\" src=\"https:\/\/nancylunghi.ch\/wp-content\/uploads\/2024\/02\/seguimi.png\" class=\"attachment-large size-large\" alt=\"\" loading=\"lazy\" srcset=\"https:\/\/nancylunghi.ch\/wp-content\/uploads\/2024\/02\/seguimi.png 608w, https:\/\/nancylunghi.ch\/wp-content\/uploads\/2024\/02\/seguimi-300x84.png 300w, https:\/\/nancylunghi.ch\/wp-content\/uploads\/2024\/02\/seguimi-600x169.png 600w\" sizes=\"(max-width: 608px) 100vw, 608px\" \/>\t\t\t\t\t\t\t\t\t\t\t\t\t\t\t<\/div>\n\t\t\t\t<\/div>\n\t\t\t\t\t<\/div>\n\t\t<\/div>\n\t\t\t\t\t\t\t<\/div>\n\t\t<\/section>\n\t\t\t\t\t<\/div>\n\t\t<\/div>\n\t\t\t\t\t\t\t<\/div>\n\t\t<\/section>\n\t\t\t\t<section class=\"elementor-section elementor-top-section elementor-element elementor-element-3edf277 elementor-section-boxed elementor-section-height-default elementor-section-height-default\" data-id=\"3edf277\" data-element_type=\"section\">\n\t\t\t\t\t\t<div class=\"elementor-container elementor-column-gap-default\">\n\t\t\t\t\t<div class=\"elementor-column elementor-col-100 elementor-top-column elementor-element elementor-element-aa148de\" data-id=\"aa148de\" data-element_type=\"column\">\n\t\t\t<div class=\"elementor-widget-wrap elementor-element-populated\">\n\t\t\t\t\t\t\t\t<div class=\"elementor-element elementor-element-61538fe elementor-aspect-ratio-169 elementor-widget elementor-widget-video\" data-id=\"61538fe\" data-element_type=\"widget\" data-settings=\"{&quot;youtube_url&quot;:&quot;https:\\\/\\\/youtu.be\\\/NCyltMTbm_E?si=Sq0fVXgvrBMxw90W&quot;,&quot;autoplay&quot;:&quot;yes&quot;,&quot;play_on_mobile&quot;:&quot;yes&quot;,&quot;loop&quot;:&quot;yes&quot;,&quot;video_type&quot;:&quot;youtube&quot;,&quot;aspect_ratio&quot;:&quot;169&quot;}\" data-widget_type=\"video.default\">\n\t\t\t\t<div class=\"elementor-widget-container\">\n\t\t\t\t\t<div class=\"elementor-wrapper elementor-fit-aspect-ratio elementor-open-inline\">\n\t\t\t<div class=\"elementor-video\"><\/div>\t\t<\/div>\n\t\t\t\t<\/div>\n\t\t\t\t<\/div>\n\t\t\t\t\t<\/div>\n\t\t<\/div>\n\t\t\t\t\t\t\t<\/div>\n\t\t<\/section>\n\t\t\t\t\t\t<\/div>\n\t\t\t\t\t<\/div>\n\t\t","protected":false},"excerpt":{"rendered":"<p>Dal 2021 sono Municipale a Locarno per la SINISTRA UNITA. In qualit\u00e0 di responsabile del Dicastero Socialit\u00e0, Giovani e Cultura in questi tre anni ho visto nascere tante belle collaborazioni e progetti. Nell\u2019ambito della socialit\u00e0 abbiamo per esempio ripreso con successo la \u201cFesta dei Popoli\u201d, rendendola un prezioso momento di scambio e conoscenza; ci siamo &#8230; <a title=\"ELEZIONI COMUNALI 2024\" class=\"read-more\" href=\"https:\/\/nancylunghi.ch\/index.php\/elezioni-comunali-2024\/\">Read more<span class=\"screen-reader-text\">ELEZIONI COMUNALI 2024<\/span><\/a><\/p>\n","protected":false},"author":1,"featured_media":0,"parent":0,"menu_order":0,"comment_status":"closed","ping_status":"closed","template":"","meta":{"ngg_post_thumbnail":0},"_links":{"self":[{"href":"https:\/\/nancylunghi.ch\/index.php\/wp-json\/wp\/v2\/pages\/1249"}],"collection":[{"href":"https:\/\/nancylunghi.ch\/index.php\/wp-json\/wp\/v2\/pages"}],"about":[{"href":"https:\/\/nancylunghi.ch\/index.php\/wp-json\/wp\/v2\/types\/page"}],"author":[{"embeddable":true,"href":"https:\/\/nancylunghi.ch\/index.php\/wp-json\/wp\/v2\/users\/1"}],"replies":[{"embeddable":true,"href":"https:\/\/nancylunghi.ch\/index.php\/wp-json\/wp\/v2\/comments?post=1249"}],"version-history":[{"count":73,"href":"https:\/\/nancylunghi.ch\/index.php\/wp-json\/wp\/v2\/pages\/1249\/revisions"}],"predecessor-version":[{"id":1495,"href":"https:\/\/nancylunghi.ch\/index.php\/wp-json\/wp\/v2\/pages\/1249\/revisions\/1495"}],"wp:attachment":[{"href":"https:\/\/nancylunghi.ch\/index.php\/wp-json\/wp\/v2\/media?parent=1249"}],"curies":[{"name":"wp","href":"https:\/\/api.w.org\/{rel}","templated":true}]}}